{"id":159,"date":"2021-09-24T21:09:02","date_gmt":"2021-09-25T00:09:02","guid":{"rendered":"http:\/\/www.officetecnologia.com.br\/site\/?page_id=159"},"modified":"2021-10-29T19:06:44","modified_gmt":"2021-10-29T22:06:44","slug":"nossos-servicos-infraestrutura","status":"publish","type":"page","link":"https:\/\/www.officetecnologia.com.br\/site\/nossos-servicos-infraestrutura\/","title":{"rendered":"Nossos Servi\u00e7os &#8211; Infraestrutura"},"content":{"rendered":"<p>[vc_section css=&#8221;.vc_custom_1634695682277{background: #ffffff url(https:\/\/www.officetecnologia.com.br\/site\/wp-content\/uploads\/2021\/10\/back_servinfraestrutura.png?id=307) !important;background-position: center !important;background-repeat: no-repeat !important;background-size: cover !important;}&#8221;][vc_row el_class=&#8221;box_geral&#8221;][vc_column css_animation=&#8221;none&#8221;][vc_empty_space height=&#8221;90px&#8221;][vc_column_text]<\/p>\n<h1><span style=\"color: #4a5668;\"><strong>Nossos Servi\u00e7os<\/strong><br \/>\n<\/span><span style=\"color: #4a5668; font-weight: 300; font-size: 35px; display: block; line-height: 50px;\">Infraestrutura e Outsourcing<br \/>\n<\/span><\/h1>\n<div id=\"ancor\"><\/div>\n<p>[\/vc_column_text][vc_empty_space height=&#8221;200px&#8221;][\/vc_column][\/vc_row][\/vc_section][vc_row el_class=&#8221;box_geral&#8221;][vc_column width=&#8221;1\/5&#8243;][vc_column_text][\/vc_column_text][\/vc_column][vc_column width=&#8221;3\/5&#8243;][vc_empty_space height=&#8221;10px&#8221;][\/vc_column][\/vc_row][vc_row el_class=&#8221;box_geral&#8221;][vc_column width=&#8221;1\/3&#8243;][vc_column_text]<\/p>\n<div id=\"ancor\"><\/div>\n<p>[\/vc_column_text][vc_column_text]<div class=\"menu-menu_serv-container\"><ul id=\"menu-menu_serv\" class=\"\"><li id=\"menu-item-317\" class=\"menu_serv_infra menu-item menu-item-type-custom menu-item-object-custom menu-item-317\"><a href=\"http:\/\/officetecnologia.com.br\/site\/nossos-servicos-infraestrutura\/#ancor\"><i style=\"font-size:0.7em;color:#ffffff\" class=\"wpmi__icon wpmi__position-before wpmi__align-middle wpmi__size-0.7 dashicons dashicons-controls-play\"><\/i>Infraestrutura e Outsourcing<\/a><\/li>\n<li id=\"menu-item-332\" class=\"menu_serv_inteli menu-item menu-item-type-custom menu-item-object-custom menu-item-332\"><a href=\"http:\/\/www.officetecnologia.com.br\/site\/nossos-servicos-inteligencia\/#ancor\"><i style=\"font-size:0.7em;color:#ffffff\" class=\"wpmi__icon wpmi__position-before wpmi__align-middle wpmi__size-0.7 dashicons dashicons-controls-play\"><\/i>Intelig\u00eancia e Consultoria<\/a><\/li>\n<li id=\"menu-item-333\" class=\"menu_serv_seg menu-item menu-item-type-custom menu-item-object-custom menu-item-333\"><a href=\"http:\/\/www.officetecnologia.com.br\/site\/nossos-servicos-seguranca\/#ancor\"><i style=\"font-size:0.7em;color:#ffffff\" class=\"wpmi__icon wpmi__position-before wpmi__align-middle wpmi__size-0.7 dashicons dashicons-controls-play\"><\/i>Seguran\u00e7a e LGPD<\/a><\/li>\n<\/ul><\/div>[\/vc_column_text][vc_empty_space height=&#8221;150px&#8221;][\/vc_column][vc_column width=&#8221;2\/3&#8243; el_class=&#8221;box_shadow&#8221;][vc_column_text]<\/p>\n<h2><span style=\"color: #0ea5d5;\">Infraestrutura e Outsourcing<\/span><\/h2>\n<p>[\/vc_column_text][vc_empty_space height=&#8221;24px&#8221;][vc_tta_accordion][vc_tta_section title=&#8221;DISPONIBILIDADE DE SERVIDORES E INTERNET&#8221; tab_id=&#8221;1632785817936-a278572a-8fa5&#8243;][vc_column_text]Os servidores da rede de computadores da sua empresa precisam estar em funcionamento 24 horas por dia, sem perigo de panes. Por isso, temos solu\u00e7\u00f5es de conting\u00eancia de Servidores Locais ou em Nuvem e Instala\u00e7\u00e3o e configura\u00e7\u00e3o de Servidores de Firewall que garantem a estabilidade do sistema, a seguran\u00e7a das informa\u00e7\u00f5es e a possibilidade de crescimento com seguran\u00e7a.[\/vc_column_text][\/vc_tta_section][vc_tta_section title=&#8221;SUPORTE T\u00c9CNICO CORPORATIVO&#8221; tab_id=&#8221;1632785817945-062234f1-5cbd&#8221;][vc_column_text]Atendimento r\u00e1pido, monitoramento constante e suporte pr\u00f3-ativo. Com suporte remoto seguro, registro e acompanhamento de chamados via web, o atendimento \u00e9 realizado em at\u00e9 4 horas \u00fateis. Realiza\u00e7\u00e3o de plant\u00f5es aos finais de semana e feriados, com equipe especializada de prontid\u00e3o[\/vc_column_text][\/vc_tta_section][vc_tta_section title=&#8221;PROJETO DE REDES&#8221; tab_id=&#8221;1632785875185-0725cc34-c2ba&#8221;][vc_column_text]Planejamento e execu\u00e7\u00e3o de projetos de redes, relacionados ao apoio na implementa\u00e7\u00e3o de sistemas, configura\u00e7\u00e3o de servidores locais e em nuvem, que envolvem o dimensionamento e configura\u00e7\u00e3o de esta\u00e7\u00f5es de trabalho e servidores Microsoft e Linux.[\/vc_column_text][\/vc_tta_section][\/vc_tta_accordion][\/vc_column][\/vc_row][vc_row][vc_column][vc_empty_space height=&#8221;150px&#8221;][\/vc_column][\/vc_row][vc_section css=&#8221;.vc_custom_1631740407726{background-color: #e2e5ea !important;}&#8221;][vc_row el_class=&#8221;box_geral_not&#8221;][vc_column][vc_empty_space height=&#8221;100px&#8221;][vc_column_text]<\/p>\n<h2 style=\"text-align: center;\">Publica\u00e7\u00f5es recentes<\/h2>\n<p>[\/vc_column_text][vc_empty_space height=&#8221;30px&#8221;][vc_basic_grid post_type=&#8221;post&#8221; max_items=&#8221;3&#8243; grid_id=&#8221;vc_gid:1635545160330-907582db-71ed-4&#8243;][vc_empty_space height=&#8221;70px&#8221;][vc_btn title=&#8221;Veja mais publica\u00e7\u00f5es&#8221; color=&#8221;warning&#8221; size=&#8221;lg&#8221; align=&#8221;center&#8221; link=&#8221;url:http%3A%2F%2Fwww.officetecnologia.com.br%2Fsite%2Fblog%2F|title:Blog||&#8221;][vc_empty_space height=&#8221;150px&#8221;][\/vc_column][\/vc_row][\/vc_section]<\/p>\n","protected":false},"excerpt":{"rendered":"<p>[vc_section css=&#8221;.vc_custom_1634695682277{background: #ffffff url(https:\/\/www.officetecnologia.com.br\/site\/wp-content\/uploads\/2021\/10\/back_servinfraestrutura.png?id=307) !important;background-position: center !important;background-repeat: no-repeat !important;background-size: cover !important;}&#8221;][vc_row el_class=&#8221;box_geral&#8221;][vc_column css_animation=&#8221;none&#8221;][vc_empty_space height=&#8221;90px&#8221;][vc_column_text] Nossos Servi\u00e7os Infraestrutura e Outsourcing [\/vc_column_text][vc_empty_space height=&#8221;200px&#8221;][\/vc_column][\/vc_row][\/vc_section][vc_row el_class=&#8221;box_geral&#8221;][vc_column width=&#8221;1\/5&#8243;][vc_column_text][\/vc_column_text][\/vc_column][vc_column width=&#8221;3\/5&#8243;][vc_empty_space height=&#8221;10px&#8221;][\/vc_column][\/vc_row][vc_row el_class=&#8221;box_geral&#8221;][vc_column width=&#8221;1\/3&#8243;][vc_column_text] [\/vc_column_text][vc_column_text][\/vc_column_text][vc_empty_space height=&#8221;150px&#8221;][\/vc_column][vc_column width=&#8221;2\/3&#8243; [&hellip;]<\/p>\n","protected":false},"author":1,"featured_media":0,"parent":0,"menu_order":0,"comment_status":"closed","ping_status":"closed","template":"page-full-width.php","meta":{"footnotes":""},"class_list":["post-159","page","type-page","status-publish","hentry"],"_links":{"self":[{"href":"https:\/\/www.officetecnologia.com.br\/site\/wp-json\/wp\/v2\/pages\/159","targetHints":{"allow":["GET"]}}],"collection":[{"href":"https:\/\/www.officetecnologia.com.br\/site\/wp-json\/wp\/v2\/pages"}],"about":[{"href":"https:\/\/www.officetecnologia.com.br\/site\/wp-json\/wp\/v2\/types\/page"}],"author":[{"embeddable":true,"href":"https:\/\/www.officetecnologia.com.br\/site\/wp-json\/wp\/v2\/users\/1"}],"replies":[{"embeddable":true,"href":"https:\/\/www.officetecnologia.com.br\/site\/wp-json\/wp\/v2\/comments?post=159"}],"version-history":[{"count":37,"href":"https:\/\/www.officetecnologia.com.br\/site\/wp-json\/wp\/v2\/pages\/159\/revisions"}],"predecessor-version":[{"id":368,"href":"https:\/\/www.officetecnologia.com.br\/site\/wp-json\/wp\/v2\/pages\/159\/revisions\/368"}],"wp:attachment":[{"href":"https:\/\/www.officetecnologia.com.br\/site\/wp-json\/wp\/v2\/media?parent=159"}],"curies":[{"name":"wp","href":"https:\/\/api.w.org\/{rel}","templated":true}]}}