{"id":202,"date":"2021-09-27T22:10:21","date_gmt":"2021-09-28T01:10:21","guid":{"rendered":"http:\/\/www.officetecnologia.com.br\/site\/?page_id=202"},"modified":"2021-10-29T19:23:04","modified_gmt":"2021-10-29T22:23:04","slug":"nossos-servicos-seguranca","status":"publish","type":"page","link":"https:\/\/www.officetecnologia.com.br\/site\/nossos-servicos-seguranca\/","title":{"rendered":"Nossos Servi\u00e7os &#8211; Seguran\u00e7a"},"content":{"rendered":"<p>[vc_section css=&#8221;.vc_custom_1632865951727{background: #ffffff url(https:\/\/www.officetecnologia.com.br\/site\/wp-content\/uploads\/2021\/09\/topo_serv_seguranca.png?id=220) !important;background-position: center !important;background-repeat: no-repeat !important;background-size: cover !important;}&#8221;][vc_row el_class=&#8221;box_geral&#8221;][vc_column css_animation=&#8221;none&#8221;][vc_empty_space height=&#8221;100px&#8221;][vc_column_text]<\/p>\n<h1><span style=\"color: #4a5668;\"><strong>Nossos Servi\u00e7os<\/strong><br \/>\n<\/span><span style=\"color: #4a5668; font-weight: 300; font-size: 35px; display: block; line-height: 50px;\">Seguran\u00e7a e LGPD<br \/>\n<\/span><\/h1>\n<div id=\"ancor\"><\/div>\n<p>[\/vc_column_text][vc_empty_space height=&#8221;200px&#8221;][\/vc_column][\/vc_row][\/vc_section][vc_row el_class=&#8221;box_geral&#8221;][vc_column width=&#8221;1\/5&#8243;][vc_column_text][\/vc_column_text][\/vc_column][vc_column width=&#8221;3\/5&#8243;][vc_empty_space height=&#8221;10px&#8221;][\/vc_column][\/vc_row][vc_row el_class=&#8221;box_geral&#8221;][vc_column width=&#8221;1\/3&#8243;][vc_column_text]<\/p>\n<div id=\"ancor\"><\/div>\n<p>[\/vc_column_text][vc_column_text]<div class=\"menu-menu_serv-container\"><ul id=\"menu-menu_serv\" class=\"\"><li id=\"menu-item-317\" class=\"menu_serv_infra menu-item menu-item-type-custom menu-item-object-custom menu-item-317\"><a href=\"http:\/\/officetecnologia.com.br\/site\/nossos-servicos-infraestrutura\/#ancor\"><i style=\"font-size:0.7em;color:#ffffff\" class=\"wpmi__icon wpmi__position-before wpmi__align-middle wpmi__size-0.7 dashicons dashicons-controls-play\"><\/i>Infraestrutura e Outsourcing<\/a><\/li>\n<li id=\"menu-item-332\" class=\"menu_serv_inteli menu-item menu-item-type-custom menu-item-object-custom menu-item-332\"><a href=\"http:\/\/www.officetecnologia.com.br\/site\/nossos-servicos-inteligencia\/#ancor\"><i style=\"font-size:0.7em;color:#ffffff\" class=\"wpmi__icon wpmi__position-before wpmi__align-middle wpmi__size-0.7 dashicons dashicons-controls-play\"><\/i>Intelig\u00eancia e Consultoria<\/a><\/li>\n<li id=\"menu-item-333\" class=\"menu_serv_seg menu-item menu-item-type-custom menu-item-object-custom menu-item-333\"><a href=\"http:\/\/www.officetecnologia.com.br\/site\/nossos-servicos-seguranca\/#ancor\"><i style=\"font-size:0.7em;color:#ffffff\" class=\"wpmi__icon wpmi__position-before wpmi__align-middle wpmi__size-0.7 dashicons dashicons-controls-play\"><\/i>Seguran\u00e7a e LGPD<\/a><\/li>\n<\/ul><\/div>[\/vc_column_text][vc_empty_space height=&#8221;150px&#8221;][\/vc_column][vc_column width=&#8221;2\/3&#8243; el_class=&#8221;box_shadow&#8221;][vc_column_text]<\/p>\n<h2><span style=\"color: #146596;\">Seguran\u00e7a e LGPD<\/span><\/h2>\n<p>[\/vc_column_text][vc_empty_space height=&#8221;24px&#8221;][vc_tta_accordion][vc_tta_section title=&#8221;BACKUP&#8221; tab_id=&#8221;1632785817936-a278572a-8fa5&#8243;][vc_column_text]Configura\u00e7\u00e3o e implementa\u00e7\u00e3o de solu\u00e7\u00f5es para backup, seja interno ou em nuvem, a partir das mais diversas ferramentas condizentes com o seu neg\u00f3cio. Para clientes de contrato, revis\u00f5es de execu\u00e7\u00e3o e preventivas.[\/vc_column_text][\/vc_tta_section][vc_tta_section title=&#8221;SEGURAN\u00c7A DA INFORMA\u00c7\u00c3O&#8221; tab_id=&#8221;1632785817945-062234f1-5cbd&#8221;][vc_column_text]Medidas para proteger e preservar a rede, dados e sistemas de informa\u00e7\u00f5es da sua empresa. A Office tem profissionais certificados na ISO 27002, preparados para implementar projetos de Seguran\u00e7a da Informa\u00e7\u00e3o e Gest\u00e3o de Privacidade, relacionados \u00e0 LGPD.[\/vc_column_text][\/vc_tta_section][vc_tta_section title=&#8221;SEGURAN\u00c7A CORPORATIVA&#8221; tab_id=&#8221;1632785875185-0725cc34-c2ba&#8221;][vc_column_text]Monitoramento de dispositivos, garantindo a prote\u00e7\u00e3o f\u00edsica e l\u00f3gica em hardwares e softwares da sua empresa. A partir do acompanhamento constante, impedimos que usu\u00e1rios n\u00e3o autorizados ou softwares mal-intencionados obtenham acesso a sua empresa.[\/vc_column_text][\/vc_tta_section][vc_tta_section title=&#8221;ANTIV\u00cdRUS E VULNERABILIDADES&#8221; tab_id=&#8221;1635546066312-f6bb25fe-4937&#8243;][vc_column_text]Implementa\u00e7\u00e3o e gest\u00e3o de antiv\u00edrus, desde a configura\u00e7\u00e3o de regras, e em preventivas de revis\u00e3o para corre\u00e7\u00e3o de alertas e gest\u00e3o de dispositivos que estejam em aten\u00e7\u00e3o.[\/vc_column_text][\/vc_tta_section][\/vc_tta_accordion][\/vc_column][\/vc_row][vc_row][vc_column][vc_empty_space height=&#8221;150px&#8221;][\/vc_column][\/vc_row][vc_section css=&#8221;.vc_custom_1631740407726{background-color: #e2e5ea !important;}&#8221;][vc_row el_class=&#8221;box_geral_not&#8221;][vc_column][vc_empty_space height=&#8221;100px&#8221;][vc_column_text]<\/p>\n<h2 style=\"text-align: center;\">Publica\u00e7\u00f5es recentes<\/h2>\n<p>[\/vc_column_text][vc_empty_space height=&#8221;30px&#8221;][vc_basic_grid post_type=&#8221;post&#8221; max_items=&#8221;3&#8243; grid_id=&#8221;vc_gid:1635545375222-247709f3-3eb0-5&#8243;][vc_empty_space height=&#8221;70px&#8221;][vc_btn title=&#8221;Veja mais publica\u00e7\u00f5es&#8221; color=&#8221;warning&#8221; size=&#8221;lg&#8221; align=&#8221;center&#8221; link=&#8221;url:http%3A%2F%2Fwww.officetecnologia.com.br%2Fsite%2Fblog%2F|title:Blog||&#8221;][vc_empty_space height=&#8221;150px&#8221;][\/vc_column][\/vc_row][\/vc_section]<\/p>\n","protected":false},"excerpt":{"rendered":"<p>[vc_section css=&#8221;.vc_custom_1632865951727{background: #ffffff url(https:\/\/www.officetecnologia.com.br\/site\/wp-content\/uploads\/2021\/09\/topo_serv_seguranca.png?id=220) !important;background-position: center !important;background-repeat: no-repeat !important;background-size: cover !important;}&#8221;][vc_row el_class=&#8221;box_geral&#8221;][vc_column css_animation=&#8221;none&#8221;][vc_empty_space height=&#8221;100px&#8221;][vc_column_text] Nossos Servi\u00e7os Seguran\u00e7a e LGPD [\/vc_column_text][vc_empty_space height=&#8221;200px&#8221;][\/vc_column][\/vc_row][\/vc_section][vc_row el_class=&#8221;box_geral&#8221;][vc_column width=&#8221;1\/5&#8243;][vc_column_text][\/vc_column_text][\/vc_column][vc_column width=&#8221;3\/5&#8243;][vc_empty_space height=&#8221;10px&#8221;][\/vc_column][\/vc_row][vc_row el_class=&#8221;box_geral&#8221;][vc_column width=&#8221;1\/3&#8243;][vc_column_text] [\/vc_column_text][vc_column_text][\/vc_column_text][vc_empty_space height=&#8221;150px&#8221;][\/vc_column][vc_column width=&#8221;2\/3&#8243; [&hellip;]<\/p>\n","protected":false},"author":1,"featured_media":0,"parent":0,"menu_order":0,"comment_status":"closed","ping_status":"closed","template":"page-full-width.php","meta":{"footnotes":""},"class_list":["post-202","page","type-page","status-publish","hentry"],"_links":{"self":[{"href":"https:\/\/www.officetecnologia.com.br\/site\/wp-json\/wp\/v2\/pages\/202","targetHints":{"allow":["GET"]}}],"collection":[{"href":"https:\/\/www.officetecnologia.com.br\/site\/wp-json\/wp\/v2\/pages"}],"about":[{"href":"https:\/\/www.officetecnologia.com.br\/site\/wp-json\/wp\/v2\/types\/page"}],"author":[{"embeddable":true,"href":"https:\/\/www.officetecnologia.com.br\/site\/wp-json\/wp\/v2\/users\/1"}],"replies":[{"embeddable":true,"href":"https:\/\/www.officetecnologia.com.br\/site\/wp-json\/wp\/v2\/comments?post=202"}],"version-history":[{"count":13,"href":"https:\/\/www.officetecnologia.com.br\/site\/wp-json\/wp\/v2\/pages\/202\/revisions"}],"predecessor-version":[{"id":370,"href":"https:\/\/www.officetecnologia.com.br\/site\/wp-json\/wp\/v2\/pages\/202\/revisions\/370"}],"wp:attachment":[{"href":"https:\/\/www.officetecnologia.com.br\/site\/wp-json\/wp\/v2\/media?parent=202"}],"curies":[{"name":"wp","href":"https:\/\/api.w.org\/{rel}","templated":true}]}}