{"id":245,"date":"2021-09-28T20:22:41","date_gmt":"2021-09-28T23:22:41","guid":{"rendered":"http:\/\/www.officetecnologia.com.br\/site\/?page_id=245"},"modified":"2022-10-11T09:08:32","modified_gmt":"2022-10-11T12:08:32","slug":"como-atendemos","status":"publish","type":"page","link":"https:\/\/www.officetecnologia.com.br\/site\/como-atendemos\/","title":{"rendered":"Como Atendemos"},"content":{"rendered":"<p>[vc_section css=&#8221;.vc_custom_1632877288300{background-image: url(https:\/\/www.officetecnologia.com.br\/site\/wp-content\/uploads\/2021\/09\/topo_como-atendemos.png?id=256) !important;background-position: center !important;background-repeat: no-repeat !important;background-size: cover !important;}&#8221;][vc_row el_class=&#8221;box_geral&#8221;][vc_column css_animation=&#8221;none&#8221;][vc_empty_space height=&#8221;100px&#8221;][vc_column_text]<\/p>\n<h1><span style=\"color: #4a5668;\">Como Atendemos<\/span><\/h1>\n<p>[\/vc_column_text][vc_empty_space height=&#8221;200px&#8221;][\/vc_column][\/vc_row][\/vc_section][vc_row][vc_column][vc_empty_space height=&#8221;50px&#8221;][\/vc_column][\/vc_row][vc_row el_class=&#8221;box_geral&#8221;][vc_column width=&#8221;1\/3&#8243; css=&#8221;.vc_custom_1632873810518{padding-right: 60px !important;}&#8221;][vc_column_text]<\/p>\n<h2><span style=\"color: #2c97cc;\">Conhe\u00e7a nossas formas de atendimento<\/span><\/h2>\n<p>[\/vc_column_text][vc_empty_space][vc_column_text]<\/p>\n<h2 style=\"text-align: left;\"><strong>Atendimento<\/strong><\/h2>\n<p style=\"text-align: left;\">Nosso atendimento funciona de segunda a sexta-feira, das 8h \u00e0s 18h. Para chamados fora do hor\u00e1rio comercial, temos nossos telefones do Plant\u00e3o Office: <strong>(51) 3323 9200 <b>ou (51) 98408-8393<\/b><\/strong><\/p>\n<p style=\"text-align: left;\">Os chamados abertos por nossos clientes de contrato s\u00e3o atendidos em um prazo de at\u00e9 quatro horas \u00fateis.<\/p>\n<p style=\"text-align: left;\">Nossos clientes de contrato tem a possibilidade de abrir chamados via Web.<\/p>\n<p>[\/vc_column_text][\/vc_column][vc_column width=&#8221;2\/3&#8243; el_class=&#8221;box_shadow&#8221;][vc_raw_html]JTNDZGl2JTIwY2xhc3MlM0QlMjJiYW5uZXJfbnVtYmVyJTIyJTNFJTBBJTBBJTNDZGl2JTIwaWQlM0QlMjJwbGF0ZS1jdXN0b20lMjIlMjBjbGFzcyUzRCUyMnBsYXRlJTIwcG9pbnRlciUyMiUzRSUwQSUyMCUyMCUyMCUyMCUyMCUyMCUyMCUyMCUyMCUyMCUyMCUyMCUyMCUyMCUyMCUyMCUyMCUyMCUyMCUyMCUyMCUyMCUyMCUyMCUyMCUyMCUyMCUyMCUzQ2RpdiUyMGNsYXNzJTNEJTIybnVtYmVyJTIyJTNFJTNDaW1nJTIwc3JjJTNEJTIyaHR0cCUzQSUyRiUyRnd3dy5vZmZpY2V0ZWNub2xvZ2lhLmNvbS5iciUyRmltZ3MlMkZpY29uMS5wbmclMjIlM0UlM0MlMkZkaXYlM0UlMEElMEElMjAlMjAlMjAlMjAlMjAlMjAlMjAlMjAlMjAlMjAlMjAlMjAlMjAlMjAlMjAlMjAlMjAlMjAlMjAlMjAlMjAlMjAlMjAlMjAlMjAlMjAlMjAlMjAlM0NkaXYlMjBjbGFzcyUzRCUyMnR4dF9udW1iJTIyJTNFUFJFU0VOQ0lBTCUzQyUyRmRpdiUzRSUwQSUyMCUyMCUyMCUyMCUyMCUyMCUyMCUyMCUyMCUyMCUyMCUyMCUyMCUyMCUyMCUyMCUyMCUyMCUyMCUyMCUyMCUyMCUyMCUyMCUyMCUyMCUyMCUyMCUzQ2RpdiUyMGNsYXNzJTNEJTIyYm94X3R4dF9hdGVuZCUyMiUzRUF0ZW5kZW1vcyUyMGRlbWFuZGFzJTIwcXVlJTIwbmVjZXNzaXRhbSUyMGRlJTIwc3Vwb3J0ZSUyMHQlQzMlQTljbmljbyUyMHByZXNlbmNpYWwlMkMlMjBkZSUyMGFjb3JkbyUyMGNvbSUyMGElMjBzdWElMjBuZWNlc3NpZGFkZS4lM0MlMkZkaXYlM0UlMEElMjAlMjAlMjAlMjAlMjAlMjAlMjAlMjAlMjAlMjAlMjAlMjAlMjAlMjAlMjAlMjAlMjAlMjAlMjAlMjAlMjAlMjAlMjAlMjAlM0MlMkZkaXYlM0UlMEElMEElMEElMjAlMjAlMjAlMjAlMjAlMjAlMjAlMjAlMjAlMjAlMjAlMjAlMjAlMjAlMjAlMjAlMjAlMjAlMjAlMjAlMjAlMjAlMjAlMjAlM0NkaXYlMjBpZCUzRCUyMnBsYXRlLWN1c3RvbTIlMjIlMjBjbGFzcyUzRCUyMnBsYXRlJTIwcG9pbnRlciUyMiUzRSUwQSUyMCUyMCUyMCUyMCUyMCUyMCUyMCUyMCUyMCUyMCUyMCUyMCUyMCUyMCUyMCUyMCUyMCUyMCUyMCUyMCUyMCUyMCUyMCUyMCUyMCUyMCUyMCUyMCUzQ2RpdiUyMGNsYXNzJTNEJTIybnVtYmVyJTIyJTNFJTNDaW1nJTIwc3JjJTNEJTIyaHR0cCUzQSUyRiUyRnd3dy5vZmZpY2V0ZWNub2xvZ2lhLmNvbS5iciUyRmltZ3MlMkZpY29uMy5wbmclMjIlM0UlM0MlMkZkaXYlM0UlMEElMEElMjAlMjAlMjAlMjAlMjAlMjAlMjAlMjAlMjAlMjAlMjAlMjAlMjAlMjAlMjAlMjAlMjAlMjAlMjAlMjAlMjAlMjAlMjAlMjAlMjAlMjAlMjAlMjAlM0NkaXYlMjBjbGFzcyUzRCUyMnR4dF9udW1iJTIyJTNFUkVNT1RPJTNDJTJGZGl2JTNFJTBBJTIwJTIwJTIwJTIwJTIwJTIwJTIwJTIwJTIwJTIwJTIwJTIwJTIwJTIwJTIwJTIwJTIwJTIwJTIwJTIwJTIwJTIwJTIwJTIwJTIwJTIwJTIwJTIwJTNDZGl2JTIwY2xhc3MlM0QlMjJib3hfdHh0X2F0ZW5kJTIyJTNFRW0lMjBjYXNvJTIwZGUlMjBkZW1hbmRhcyUyMHF1ZSUyMHBvZGVtJTIwc2VyJTIwcmVzb2x2aWRhcyUyMHJlbW90YW1lbnRlJTJDJTIwcHJlc3RhbW9zJTIwc3Vwb3J0ZSUyMCVDMyVBMCUyMGRpc3QlQzMlQTJuY2lhJTIwcGFyYSUyMG8lMjB1c3UlQzMlQTFyaW8uJTIwRXNzZSUyMGF0ZW5kaW1lbnRvJTIwb2ZlcmVjZSUyMGZlcnJhbWVudGFzJTIwZXNwZWMlQzMlQURmaWNhcyUyMGV4dHJlbWFtZW50ZSUyMHNlZ3VyYXMlMjBlJTIwZ2FyYW50ZSUyMHJhcGlkZXolMjBlJTIwc2VndXJhbiVDMyVBN2EuJTNDJTJGZGl2JTNFJTBBJTIwJTIwJTIwJTIwJTIwJTIwJTIwJTIwJTIwJTIwJTIwJTIwJTIwJTIwJTIwJTIwJTIwJTIwJTIwJTIwJTIwJTIwJTIwJTIwJTNDJTJGZGl2JTNFJTBBJTIwJTIwJTIwJTIwJTIwJTIwJTIwJTIwJTIwJTIwJTIwJTIwJTIwJTIwJTIwJTIwJTIwJTIwJTIwJTIwJTIwJTIwJTIwJTIwJTBBJTIwJTIwJTIwJTIwJTIwJTIwJTIwJTIwJTIwJTIwJTIwJTIwJTIwJTIwJTIwJTIwJTIwJTIwJTIwJTIwJTIwJTIwJTIwJTIwJTNDZGl2JTIwaWQlM0QlMjJwbGF0ZS1jdXN0b20zJTIyJTIwY2xhc3MlM0QlMjJwbGF0ZSUyMHBvaW50ZXIlMjIlM0UlMEElMjAlMjAlMjAlMjAlMjAlMjAlMjAlMjAlMjAlMjAlMjAlMjAlMjAlMjAlMjAlMjAlMjAlMjAlMjAlMjAlMjAlMjAlMjAlMjAlMjAlMjAlMjAlMjAlM0NkaXYlMjBjbGFzcyUzRCUyMm51bWJlciUyMiUzRSUzQ2ltZyUyMHNyYyUzRCUyMmh0dHAlM0ElMkYlMkZ3d3cub2ZmaWNldGVjbm9sb2dpYS5jb20uYnIlMkZpbWdzJTJGaWNvbjYucG5nJTIyJTNFJTNDJTJGZGl2JTNFJTBBJTBBJTIwJTIwJTIwJTIwJTIwJTIwJTIwJTIwJTIwJTIwJTIwJTIwJTIwJTIwJTIwJTIwJTIwJTIwJTIwJTIwJTIwJTIwJTIwJTIwJTIwJTIwJTIwJTIwJTNDZGl2JTIwY2xhc3MlM0QlMjJ0eHRfbnVtYiUyMiUzRUxBQk9SQVQlQzMlOTNSSU8lMjBPRkZJQ0UlM0MlMkZkaXYlM0UlMEElMjAlMjAlMjAlMjAlMjAlMjAlMjAlMjAlMjAlMjAlMjAlMjAlMjAlMjAlMjAlMjAlMjAlMjAlMjAlMjAlMjAlMjAlMjAlMjAlMjAlMjAlMjAlMjAlM0NkaXYlMjBjbGFzcyUzRCUyMmJveF90eHRfYXRlbmQlMjIlM0VWb2MlQzMlQUElMjB0YW1iJUMzJUE5bSUyMHBvZGUlMjBlbnZpYXIlMjBzdWFzJTIwbSVDMyVBMXF1aW5hcyUyMGUlMjBhcGFyZWxob3MlMjBxdWUlMjBuZWNlc3NpdGVtJTIwZGUlMjBpbnRlcnZlbiVDMyVBNyVDMyVBM28lMjBwYXJhJTIwYSUyMHNlZGUlMjBkYSUyME9mZmljZSUyQyUyMG9uZGUlMjBub3Nzb3MlMjB0JUMzJUE5Y25pY29zJTIwdHJhYmFsaGFtJTIwZW0lMjB1bSUyMGxhYm9yYXQlQzMlQjNyaW8lMjBjb21wbGV0by4lM0MlMkZkaXYlM0UlMEElMjAlMjAlMjAlMjAlMjAlMjAlMjAlMjAlMjAlMjAlMjAlMjAlMjAlMjAlMjAlMjAlMjAlMjAlMjAlMjAlMjAlMjAlMjAlMjAlM0MlMkZkaXYlM0UlMEElMEElMjAlMjAlMjAlMjAlMjAlMjAlMjAlMjAlMjAlMjAlMjAlMjAlMjAlMjAlMjAlMjAlMjAlMjAlMjAlMjAlMjAlMjAlMjAlMjAlM0NkaXYlMjBpZCUzRCUyMnBsYXRlLWN1c3RvbTQlMjIlMjBjbGFzcyUzRCUyMnBsYXRlJTIwcG9pbnRlciUyMiUzRSUwQSUyMCUyMCUyMCUyMCUyMCUyMCUyMCUyMCUyMCUyMCUyMCUyMCUyMCUyMCUyMCUyMCUyMCUyMCUyMCUyMCUyMCUyMCUyMCUyMCUyMCUyMCUyMCUyMCUzQ2RpdiUyMGNsYXNzJTNEJTIybnVtYmVyJTIyJTNFJTNDaW1nJTIwc3JjJTNEJTIyaHR0cCUzQSUyRiUyRnd3dy5vZmZpY2V0ZWNub2xvZ2lhLmNvbS5iciUyRmltZ3MlMkZpY29uMi5wbmclMjIlM0UlM0MlMkZkaXYlM0UlMEElMEElMjAlMjAlMjAlMjAlMjAlMjAlMjAlMjAlMjAlMjAlMjAlMjAlMjAlMjAlMjAlMjAlMjAlMjAlMjAlMjAlMjAlMjAlMjAlMjAlMjAlMjAlMjAlMjAlM0NkaXYlMjBjbGFzcyUzRCUyMnR4dF9udW1iJTIyJTNFT1VUU09VUkNJTkclM0MlMkZkaXYlM0UlMEElMjAlMjAlMjAlMjAlMjAlMjAlMjAlMjAlMjAlMjAlMjAlMjAlMjAlMjAlMjAlMjAlMjAlMjAlMjAlMjAlMjAlMjAlMjAlMjAlMjAlMjAlMjAlMjAlM0NkaXYlMjBjbGFzcyUzRCUyMmJveF90eHRfYXRlbmQlMjIlM0VTZSUyMHN1YSUyMGVzdHJ1dHVyYSUyMGRlbWFuZGElMjBwcmVzZW4lQzMlQTdhJTIwY29uc3RhbnRlJTIwZGUlMjB1bSUyMHByb2Zpc3Npb25hbCUyMHF1YWxpZmljYWRvJTJDJTIwdGVtb3MlMjBvJTIwb3V0c291cmNpbmclMjBvdSUyMGFsb2NhJUMzJUE3JUMzJUEzbyUyMHQlQzMlQTljbmljYSUyQyUyMGVtJTIwcXVlJTIwbm9zc29zJTIwcHJvZmlzc2lvbmFpcyUyMHByZXN0YW0lMjBzZXJ2aSVDMyVBN28lMjBhdHJhdiVDMyVBOXMlMjBkZSUyMHVtYSUyMGFnZW5kYSUyMHByb2dyYW1hZGElMkMlMjBxdWUlMjBwb2RlJTIwc2VyJTIwc2VtYW5hbCUyMG91JTIwYXQlQzMlQTklMjBtZXNtbyUyMGRpJUMzJUExcmlhLiUyMCUyMCUzQyUyRmRpdiUzRSUwQSUyMCUyMCUyMCUyMCUyMCUyMCUyMCUyMCUyMCUyMCUyMCUyMCUyMCUyMCUyMCUyMCUyMCUyMCUyMCUyMCUyMCUyMCUyMCUyMCUzQyUyRmRpdiUzRSUwQSUwQSUyMCUyMCUyMCUyMCUyMCUyMCUyMCUyMCUyMCUyMCUyMCUyMCUyMCUyMCUyMCUyMCUyMCUyMCUyMCUyMCUyMCUyMCUyMCUyMCUwQSUyMCUyMCUyMCUyMCUyMCUyMCUyMCUyMCUyMCUyMCUyMCUyMCUyMCUyMCUyMCUyMCUyMCUyMCUyMCUyMCUyMCUyMCUyMCUyMCUzQ2RpdiUyMGlkJTNEJTIycGxhdGUtY3VzdG9tNSUyMiUyMGNsYXNzJTNEJTIycGxhdGUlMjBwb2ludGVyJTIyJTNFJTBBJTIwJTIwJTIwJTIwJTIwJTIwJTIwJTIwJTIwJTIwJTIwJTIwJTIwJTIwJTIwJTIwJTIwJTIwJTIwJTIwJTIwJTIwJTIwJTIwJTIwJTIwJTIwJTIwJTNDZGl2JTIwY2xhc3MlM0QlMjJudW1iZXIlMjIlM0UlM0NpbWclMjBzcmMlM0QlMjJodHRwJTNBJTJGJTJGd3d3Lm9mZmljZXRlY25vbG9naWEuY29tLmJyJTJGaW1ncyUyRmljb240LnBuZyUyMiUzRSUzQyUyRmRpdiUzRSUwQSUwQSUyMCUyMCUyMCUyMCUyMCUyMCUyMCUyMCUyMCUyMCUyMCUyMCUyMCUyMCUyMCUyMCUyMCUyMCUyMCUyMCUyMCUyMCUyMCUyMCUyMCUyMCUyMCUyMCUzQ2RpdiUyMGNsYXNzJTNEJTIydHh0X251bWIlMjIlM0VDT05TVUxUT1JJQSUzQyUyRmRpdiUzRSUwQSUyMCUyMCUyMCUyMCUyMCUyMCUyMCUyMCUyMCUyMCUyMCUyMCUyMCUyMCUyMCUyMCUyMCUyMCUyMCUyMCUyMCUyMCUyMCUyMCUyMCUyMCUyMCUyMCUzQ2RpdiUyMGNsYXNzJTNEJTIyYm94X3R4dF9hdGVuZCUyMiUzRVBhcmElMjBhdGl2aWRhZGVzJTIwcG9udHVhaXMlMkMlMjB0ZW1vcyUyMG5vc3NvJTIwc2VydmklQzMlQTdvJTIwZGUlMjBjb25zdWx0b3JpYSUyQyUyMGN1amElMjBmdW4lQzMlQTclQzMlQTNvJTIwJUMzJUE5JTIwYXV4aWxpYXIlMjBzdWElMjBvcmdhbml6YSVDMyVBNyVDMyVBM28lMjBhJTIwdG9tYXIlMjBhcyUyMG1lbGhvcmVzJTIwZGVjaXMlQzMlQjVlcyUyMGVtJTIwcmVsYSVDMyVBNyVDMyVBM28lMjAlQzMlQTAlMjBJbmZyYWVzdHJ1dHVyYSUyQyUyMFNlZ3VyYW4lQzMlQTdhJTIwZSUyRm91JTIwQ29uc3VsdG9yaWElMkZJbnRlbGlnJUMzJUFBbmNpYSUyMGVtJTIwVEkuJTNDJTJGZGl2JTNFJTBBJTBBJTIwJTIwJTIwJTIwJTIwJTIwJTIwJTIwJTIwJTIwJTIwJTIwJTIwJTIwJTIwJTIwJTIwJTIwJTIwJTIwJTIwJTIwJTIwJTIwJTNDJTJGZGl2JTNFJTBBJTBBJTIwJTIwJTIwJTIwJTIwJTIwJTIwJTIwJTIwJTIwJTIwJTIwJTIwJTIwJTIwJTIwJTIwJTIwJTIwJTIwJTIwJTIwJTIwJTIwJTBBJTIwJTIwJTIwJTIwJTIwJTIwJTIwJTIwJTIwJTIwJTIwJTIwJTIwJTIwJTIwJTIwJTIwJTIwJTIwJTIwJTIwJTIwJTIwJTIwJTNDZGl2JTIwaWQlM0QlMjJwbGF0ZS1jdXN0b202JTIyJTIwY2xhc3MlM0QlMjJwbGF0ZSUyMHBvaW50ZXIlMjIlM0UlMEElMjAlMjAlMjAlMjAlMjAlMjAlMjAlMjAlMjAlMjAlMjAlMjAlMjAlMjAlMjAlMjAlMjAlMjAlMjAlMjAlMjAlMjAlMjAlMjAlMjAlMjAlMjAlMjAlM0NkaXYlMjBjbGFzcyUzRCUyMm51bWJlciUyMiUzRSUzQ2ltZyUyMHNyYyUzRCUyMmh0dHAlM0ElMkYlMkZ3d3cub2ZmaWNldGVjbm9sb2dpYS5jb20uYnIlMkZpbWdzJTJGaWNvbjUucG5nJTIyJTNFJTNDJTJGZGl2JTNFJTBBJTBBJTIwJTIwJTIwJTIwJTIwJTIwJTIwJTIwJTIwJTIwJTIwJTIwJTIwJTIwJTIwJTIwJTIwJTIwJTIwJTIwJTIwJTIwJTIwJTIwJTIwJTIwJTIwJTIwJTNDZGl2JTIwY2xhc3MlM0QlMjJ0eHRfbnVtYiUyMiUzRVBMQU5UJUMzJTgzTyUyMDM2NSUyMERJQVMlMkZBTk8lM0MlMkZkaXYlM0UlMEElMjAlMjAlMjAlMjAlMjAlMjAlMjAlMjAlMjAlMjAlMjAlMjAlMjAlMjAlMjAlMjAlMjAlMjAlMjAlMjAlMjAlMjAlMjAlMjAlMjAlMjAlMjAlMjAlM0NkaXYlMjBjbGFzcyUzRCUyMmJveF90eHRfYXRlbmQlMjIlM0VQYXJhJTIwbm9zc29zJTIwY2xpZW50ZXMlMjBkZSUyMGNvbnRyYXRvJTJDJTIwdGVtb3MlMjBhJTIwc29sdSVDMyVBNyVDMyVBM28lMjBpZGVhbCUyMHBhcmElMjBzZW1wcmUlMjB0ZXIlMjBhJTIwT2ZmaWNlJTIwcG9yJTIwcGVydG8uJTIwQ29udGUlMjBjb20lMjBub3NzbyUyMHBsYW50JUMzJUEzbyUyME9mZmljZSUyQyUyMGNvbSUyMHQlQzMlQTljbmljb3MlMjBlc3BlY2lhbGl6YWRvcyUyMHBhcmElMjBhdGVuZGltZW50byUyMGElMjBxdWFscXVlciUyMGhvcmElMjBvdSUyMGRpYS4lM0MlMkZkaXYlM0UlMEElMjAlMjAlMjAlMjAlMjAlMjAlMjAlMjAlMjAlMjAlMjAlMjAlMjAlMjAlMjAlMjAlMjAlMjAlMjAlMjAlMjAlMjAlMjAlMjAlM0MlMkZkaXYlM0UlMEElMEElM0MlMkZkaXYlM0U=[\/vc_raw_html][\/vc_column][\/vc_row][vc_row][vc_column][vc_empty_space height=&#8221;120px&#8221;][\/vc_column][\/vc_row][vc_section css=&#8221;.vc_custom_1631740407726{background-color: #e2e5ea !important;}&#8221;][vc_row el_class=&#8221;box_geral_not&#8221;][vc_column][vc_empty_space height=&#8221;100px&#8221;][vc_column_text]<\/p>\n<h2 style=\"text-align: center;\">Publica\u00e7\u00f5es recentes<\/h2>\n<p>[\/vc_column_text][vc_empty_space height=&#8221;30px&#8221;][vc_basic_grid post_type=&#8221;post&#8221; max_items=&#8221;3&#8243; grid_id=&#8221;vc_gid:1665490078351-69c4736b80d7c44f62161869789056d4-3&#8243;][vc_empty_space height=&#8221;70px&#8221;][vc_btn title=&#8221;Veja mais publica\u00e7\u00f5es&#8221; color=&#8221;warning&#8221; size=&#8221;lg&#8221; align=&#8221;center&#8221; link=&#8221;url:http%3A%2F%2Fwww.officetecnologia.com.br%2Fsite%2Fblog%2F|title:Blog||&#8221;][vc_empty_space height=&#8221;150px&#8221;][\/vc_column][\/vc_row][\/vc_section]<\/p>\n","protected":false},"excerpt":{"rendered":"<p>[vc_section css=&#8221;.vc_custom_1632877288300{background-image: url(https:\/\/www.officetecnologia.com.br\/site\/wp-content\/uploads\/2021\/09\/topo_como-atendemos.png?id=256) !important;background-position: center !important;background-repeat: no-repeat !important;background-size: cover !important;}&#8221;][vc_row el_class=&#8221;box_geral&#8221;][vc_column css_animation=&#8221;none&#8221;][vc_empty_space height=&#8221;100px&#8221;][vc_column_text] Como Atendemos [\/vc_column_text][vc_empty_space height=&#8221;200px&#8221;][\/vc_column][\/vc_row][\/vc_section][vc_row][vc_column][vc_empty_space height=&#8221;50px&#8221;][\/vc_column][\/vc_row][vc_row el_class=&#8221;box_geral&#8221;][vc_column width=&#8221;1\/3&#8243; css=&#8221;.vc_custom_1632873810518{padding-right: 60px !important;}&#8221;][vc_column_text] Conhe\u00e7a nossas formas de atendimento [\/vc_column_text][vc_empty_space][vc_column_text] Atendimento [&hellip;]<\/p>\n","protected":false},"author":1,"featured_media":0,"parent":0,"menu_order":0,"comment_status":"closed","ping_status":"closed","template":"page-full-width.php","meta":{"footnotes":""},"class_list":["post-245","page","type-page","status-publish","hentry"],"_links":{"self":[{"href":"https:\/\/www.officetecnologia.com.br\/site\/wp-json\/wp\/v2\/pages\/245","targetHints":{"allow":["GET"]}}],"collection":[{"href":"https:\/\/www.officetecnologia.com.br\/site\/wp-json\/wp\/v2\/pages"}],"about":[{"href":"https:\/\/www.officetecnologia.com.br\/site\/wp-json\/wp\/v2\/types\/page"}],"author":[{"embeddable":true,"href":"https:\/\/www.officetecnologia.com.br\/site\/wp-json\/wp\/v2\/users\/1"}],"replies":[{"embeddable":true,"href":"https:\/\/www.officetecnologia.com.br\/site\/wp-json\/wp\/v2\/comments?post=245"}],"version-history":[{"count":12,"href":"https:\/\/www.officetecnologia.com.br\/site\/wp-json\/wp\/v2\/pages\/245\/revisions"}],"predecessor-version":[{"id":415,"href":"https:\/\/www.officetecnologia.com.br\/site\/wp-json\/wp\/v2\/pages\/245\/revisions\/415"}],"wp:attachment":[{"href":"https:\/\/www.officetecnologia.com.br\/site\/wp-json\/wp\/v2\/media?parent=245"}],"curies":[{"name":"wp","href":"https:\/\/api.w.org\/{rel}","templated":true}]}}